{"id":445,"date":"2021-03-10T09:25:37","date_gmt":"2021-03-10T09:25:37","guid":{"rendered":"http:\/\/www.magazininfo.club\/de\/?page_id=445"},"modified":"2021-07-01T20:41:38","modified_gmt":"2021-07-01T20:41:38","slug":"strassenkarte-deutschland","status":"publish","type":"page","link":"https:\/\/www.magazininfo.club\/de\/strassenkarte-deutschland\/","title":{"rendered":"Stra\u00dfenkarten von Deutschland"},"content":{"rendered":"\n<p>Sie k\u00f6nnen detaillierte Stra\u00dfenkarten von Deutschland f\u00fcr gr\u00f6\u00dfere St\u00e4dte und Regionen mit Stra\u00dfen und Umgebung anzeigen:<\/p>\n<p><a href=\"http:\/\/www.magazininfo.club\/de\/strassenkarte-deutschland\/strassenkarte-baden-wurttemberg\/\">Baden-W\u00fcrttemberg<\/a><br \/>\n<a href=\"http:\/\/www.magazininfo.club\/de\/strassenkarte-deutschland\/strassenkarte-bayern\/\">Bayern<\/a><br \/>\n<a href=\"http:\/\/www.magazininfo.club\/de\/strassenkarte-deutschland\/strassenkarte-berlin\/\">Berlin<\/a><br \/>\n<a href=\"http:\/\/www.magazininfo.club\/de\/strassenkarte-deutschland\/strassenkarte-brandenburg\/\">Brandenburg<\/a><br \/>\n<a href=\"http:\/\/www.magazininfo.club\/de\/strassenkarte-deutschland\/strassenkarte-bremen\/\">Bremen<\/a><br \/>\n<a href=\"http:\/\/www.magazininfo.club\/de\/strassenkarte-deutschland\/strassenkarte-hamburg\/\">Hamburg<\/a><br \/>\n<a href=\"http:\/\/www.magazininfo.club\/de\/strassenkarte-deutschland\/strassenkarte-hessen\/\">Hessen<\/a><br \/>\n<a href=\"http:\/\/www.magazininfo.club\/de\/strassenkarte-deutschland\/strassenkarte-mecklenburg-vorpommern\/\">Mecklenburg-Vorpommern<\/a><br \/>\n<a href=\"http:\/\/www.magazininfo.club\/de\/strassenkarte-deutschland\/strassenkarte-niedersachsen\/\">Niedersachsen<\/a><br \/>\n<a href=\"http:\/\/www.magazininfo.club\/de\/strassenkarte-deutschland\/strassenkarte-nordrhein-westfalen\/\">Nordrhein-Westfalen<\/a><br \/>\n<a href=\"http:\/\/www.magazininfo.club\/de\/strassenkarte-deutschland\/strassenkarte-rheinland-pfalz\/\">Rheinland-Pfalz<\/a><br \/>\n<a href=\"http:\/\/www.magazininfo.club\/de\/strassenkarte-deutschland\/strassenkarte-saarland\/\">Saarland<\/a><br \/>\n<a href=\"http:\/\/www.magazininfo.club\/de\/strassenkarte-deutschland\/strassenkarte-sachsen\/\">Sachsen<\/a><br \/>\n<a href=\"http:\/\/www.magazininfo.club\/de\/strassenkarte-deutschland\/strassenkarte-sachsen-anhalt\/\">Sachsen-Anhalt<\/a><br \/>\n<a href=\"http:\/\/www.magazininfo.club\/de\/strassenkarte-deutschland\/strassenkarte-schleswig-holstein\/\">Schleswig-Holstein<\/a><br \/>\n<a href=\"http:\/\/www.magazininfo.club\/de\/strassenkarte-deutschland\/strassenkarte-thuringen\/\">Th\u00fcringen<\/a><\/p>\n","protected":false},"excerpt":{"rendered":"<div class=\"mh-excerpt\"><p>Sie k\u00f6nnen detaillierte Stra\u00dfenkarten von Deutschland f\u00fcr gr\u00f6\u00dfere St\u00e4dte und Regionen mit Stra\u00dfen und Umgebung anzeigen: Baden-W\u00fcrttemberg Bayern Berlin Brandenburg Bremen Hamburg Hessen Mecklenburg-Vorpommern Niedersachsen <a class=\"mh-excerpt-more\" href=\"https:\/\/www.magazininfo.club\/de\/strassenkarte-deutschland\/\" title=\"Stra\u00dfenkarten von Deutschland\">[&#8230;]<\/a><\/p>\n<\/div>","protected":false},"author":1,"featured_media":0,"parent":0,"menu_order":0,"comment_status":"closed","ping_status":"closed","template":"","meta":{"footnotes":""},"yoast_head":"<!-- This site is optimized with the Yoast SEO plugin v16.7 - https:\/\/yoast.com\/wordpress\/plugins\/seo\/ -->\n<title>Stra\u00dfenkarten von Deutschland<\/title>\n<meta name=\"robots\" content=\"index, follow, max-snippet:-1, max-image-preview:large, max-video-preview:-1\" \/>\n<link rel=\"canonical\" href=\"http:\/\/www.magazininfo.club\/de\/strassenkarte-deutschland\/\" \/>\n<meta property=\"og:locale\" content=\"de_DE\" \/>\n<meta property=\"og:type\" content=\"article\" \/>\n<meta property=\"og:title\" content=\"Stra\u00dfenkarten von Deutschland\" \/>\n<meta property=\"og:description\" content=\"Sie k\u00f6nnen detaillierte Stra\u00dfenkarten von Deutschland f\u00fcr gr\u00f6\u00dfere St\u00e4dte und Regionen mit Stra\u00dfen und Umgebung anzeigen: Baden-W\u00fcrttemberg Bayern Berlin Brandenburg Bremen Hamburg Hessen Mecklenburg-Vorpommern Niedersachsen [...]\" \/>\n<meta property=\"og:url\" content=\"http:\/\/www.magazininfo.club\/de\/strassenkarte-deutschland\/\" \/>\n<meta property=\"og:site_name\" content=\"Vorhersage\" \/>\n<meta property=\"article:modified_time\" content=\"2021-07-01T20:41:38+00:00\" \/>\n<meta name=\"twitter:card\" content=\"summary\" \/>\n<script type=\"application\/ld+json\" class=\"yoast-schema-graph\">{\"@context\":\"https:\/\/schema.org\",\"@graph\":[{\"@type\":\"WebSite\",\"@id\":\"http:\/\/www.magazininfo.club\/de\/#website\",\"url\":\"http:\/\/www.magazininfo.club\/de\/\",\"name\":\"Vorhersage\",\"description\":\"\",\"potentialAction\":[{\"@type\":\"SearchAction\",\"target\":{\"@type\":\"EntryPoint\",\"urlTemplate\":\"http:\/\/www.magazininfo.club\/de\/?s={search_term_string}\"},\"query-input\":\"required name=search_term_string\"}],\"inLanguage\":\"de-DE\"},{\"@type\":\"WebPage\",\"@id\":\"http:\/\/www.magazininfo.club\/de\/strassenkarte-deutschland\/#webpage\",\"url\":\"http:\/\/www.magazininfo.club\/de\/strassenkarte-deutschland\/\",\"name\":\"Stra\\u00dfenkarten von Deutschland\",\"isPartOf\":{\"@id\":\"http:\/\/www.magazininfo.club\/de\/#website\"},\"datePublished\":\"2021-03-10T09:25:37+00:00\",\"dateModified\":\"2021-07-01T20:41:38+00:00\",\"breadcrumb\":{\"@id\":\"http:\/\/www.magazininfo.club\/de\/strassenkarte-deutschland\/#breadcrumb\"},\"inLanguage\":\"de-DE\",\"potentialAction\":[{\"@type\":\"ReadAction\",\"target\":[\"http:\/\/www.magazininfo.club\/de\/strassenkarte-deutschland\/\"]}]},{\"@type\":\"BreadcrumbList\",\"@id\":\"http:\/\/www.magazininfo.club\/de\/strassenkarte-deutschland\/#breadcrumb\",\"itemListElement\":[{\"@type\":\"ListItem\",\"position\":1,\"name\":\"Stra\\u00dfenkarten von Deutschland\"}]}]}<\/script>\n<!-- \/ Yoast SEO plugin. -->","yoast_head_json":{"title":"Stra\u00dfenkarten von Deutschland","robots":{"index":"index","follow":"follow","max-snippet":"max-snippet:-1","max-image-preview":"max-image-preview:large","max-video-preview":"max-video-preview:-1"},"canonical":"http:\/\/www.magazininfo.club\/de\/strassenkarte-deutschland\/","og_locale":"de_DE","og_type":"article","og_title":"Stra\u00dfenkarten von Deutschland","og_description":"Sie k\u00f6nnen detaillierte Stra\u00dfenkarten von Deutschland f\u00fcr gr\u00f6\u00dfere St\u00e4dte und Regionen mit Stra\u00dfen und Umgebung anzeigen: Baden-W\u00fcrttemberg Bayern Berlin Brandenburg Bremen Hamburg Hessen Mecklenburg-Vorpommern Niedersachsen [...]","og_url":"http:\/\/www.magazininfo.club\/de\/strassenkarte-deutschland\/","og_site_name":"Vorhersage","article_modified_time":"2021-07-01T20:41:38+00:00","twitter_card":"summary","schema":{"@context":"https:\/\/schema.org","@graph":[{"@type":"WebSite","@id":"http:\/\/www.magazininfo.club\/de\/#website","url":"http:\/\/www.magazininfo.club\/de\/","name":"Vorhersage","description":"","potentialAction":[{"@type":"SearchAction","target":{"@type":"EntryPoint","urlTemplate":"http:\/\/www.magazininfo.club\/de\/?s={search_term_string}"},"query-input":"required name=search_term_string"}],"inLanguage":"de-DE"},{"@type":"WebPage","@id":"http:\/\/www.magazininfo.club\/de\/strassenkarte-deutschland\/#webpage","url":"http:\/\/www.magazininfo.club\/de\/strassenkarte-deutschland\/","name":"Stra\u00dfenkarten von Deutschland","isPartOf":{"@id":"http:\/\/www.magazininfo.club\/de\/#website"},"datePublished":"2021-03-10T09:25:37+00:00","dateModified":"2021-07-01T20:41:38+00:00","breadcrumb":{"@id":"http:\/\/www.magazininfo.club\/de\/strassenkarte-deutschland\/#breadcrumb"},"inLanguage":"de-DE","potentialAction":[{"@type":"ReadAction","target":["http:\/\/www.magazininfo.club\/de\/strassenkarte-deutschland\/"]}]},{"@type":"BreadcrumbList","@id":"http:\/\/www.magazininfo.club\/de\/strassenkarte-deutschland\/#breadcrumb","itemListElement":[{"@type":"ListItem","position":1,"name":"Stra\u00dfenkarten von Deutschland"}]}]}},"_links":{"self":[{"href":"https:\/\/www.magazininfo.club\/de\/wp-json\/wp\/v2\/pages\/445"}],"collection":[{"href":"https:\/\/www.magazininfo.club\/de\/wp-json\/wp\/v2\/pages"}],"about":[{"href":"https:\/\/www.magazininfo.club\/de\/wp-json\/wp\/v2\/types\/page"}],"author":[{"embeddable":true,"href":"https:\/\/www.magazininfo.club\/de\/wp-json\/wp\/v2\/users\/1"}],"replies":[{"embeddable":true,"href":"https:\/\/www.magazininfo.club\/de\/wp-json\/wp\/v2\/comments?post=445"}],"version-history":[{"count":5,"href":"https:\/\/www.magazininfo.club\/de\/wp-json\/wp\/v2\/pages\/445\/revisions"}],"predecessor-version":[{"id":905,"href":"https:\/\/www.magazininfo.club\/de\/wp-json\/wp\/v2\/pages\/445\/revisions\/905"}],"wp:attachment":[{"href":"https:\/\/www.magazininfo.club\/de\/wp-json\/wp\/v2\/media?parent=445"}],"curies":[{"name":"wp","href":"https:\/\/api.w.org\/{rel}","templated":true}]}}