{"id":535,"date":"2021-04-09T11:10:57","date_gmt":"2021-04-09T11:10:57","guid":{"rendered":"http:\/\/www.magazininfo.club\/de\/karte-iserlohn-nordrhein-westfalen\/"},"modified":"2021-04-09T11:10:57","modified_gmt":"2021-04-09T11:10:57","slug":"karte-iserlohn-nordrhein-westfalen","status":"publish","type":"page","link":"https:\/\/www.magazininfo.club\/de\/karte-deutschland\/karte-iserlohn-nordrhein-westfalen\/","title":{"rendered":"Detaillierter Karte von Iserlohn (Nordrhein-Westfalen) mit Stra\u00dfen"},"content":{"rendered":"<p>Einen detaillierten Karte von Iserlohn (Nordrhein-Westfalen) mit seinen Stra\u00dfen und Umgebung finden Sie hier.<\/p>\n\n<p>Auf dieser interaktiven Karte der Region: Iserlohn k\u00f6nnen Sie durch Dr\u00fccken des Plus-Minuszeichens auf der Karte hinein &#8211; und herauszoomen, oder Sie k\u00f6nnen die Karte nach oben und unten bzw. rechts und links verschieben.<\/p>\n<p>Als Ort liegt Iserlohn (Nordrhein-Westfalen) auf der <a href=\"http:\/\/www.magazininfo.club\/de\/karte-deutschland\/\">Deutschlandkarte<\/a> in der Region &#8230;<\/p>\n<p>Diese Karte von Iserlohn mit Umgebung kann Ihnen helfen, und Sie k\u00f6nnen auch die <a href=\"http:\/\/www.magazininfo.club\/de\/wettervorhersage-deutschland\/wettervorhersage-iserlohn-nordrhein-westfalen\/\">Wettervorhersage f\u00fcr Iserlohn<\/a>, Nordrhein-Westfalen, sehen, 15 Tage.<\/p>\n","protected":false},"excerpt":{"rendered":"<div class=\"mh-excerpt\"><p>Einen detaillierten Karte von Iserlohn (Nordrhein-Westfalen) mit seinen Stra\u00dfen und Umgebung finden Sie hier. Auf dieser interaktiven Karte der Region: Iserlohn k\u00f6nnen Sie durch Dr\u00fccken <a class=\"mh-excerpt-more\" href=\"https:\/\/www.magazininfo.club\/de\/karte-deutschland\/karte-iserlohn-nordrhein-westfalen\/\" title=\"Detaillierter Karte von Iserlohn (Nordrhein-Westfalen) mit Stra\u00dfen\">[&#8230;]<\/a><\/p>\n<\/div>","protected":false},"author":1,"featured_media":0,"parent":441,"menu_order":0,"comment_status":"closed","ping_status":"closed","template":"","meta":{"footnotes":""},"yoast_head":"<!-- This site is optimized with the Yoast SEO plugin v16.7 - https:\/\/yoast.com\/wordpress\/plugins\/seo\/ -->\n<title>Detaillierter Karte von Iserlohn (Nordrhein-Westfalen) mit Stra\u00dfen<\/title>\n<meta name=\"robots\" content=\"index, follow, max-snippet:-1, max-image-preview:large, max-video-preview:-1\" \/>\n<link rel=\"canonical\" href=\"https:\/\/www.magazininfo.club\/de\/karte-deutschland\/karte-iserlohn-nordrhein-westfalen\/\" \/>\n<meta property=\"og:locale\" content=\"de_DE\" \/>\n<meta property=\"og:type\" content=\"article\" \/>\n<meta property=\"og:title\" content=\"Detaillierter Karte von Iserlohn (Nordrhein-Westfalen) mit Stra\u00dfen\" \/>\n<meta property=\"og:description\" content=\"Einen detaillierten Karte von Iserlohn (Nordrhein-Westfalen) mit seinen Stra\u00dfen und Umgebung finden Sie hier. Auf dieser interaktiven Karte der Region: Iserlohn k\u00f6nnen Sie durch Dr\u00fccken [...]\" \/>\n<meta property=\"og:url\" content=\"https:\/\/www.magazininfo.club\/de\/karte-deutschland\/karte-iserlohn-nordrhein-westfalen\/\" \/>\n<meta property=\"og:site_name\" content=\"Vorhersage\" \/>\n<meta name=\"twitter:card\" content=\"summary\" \/>\n<script type=\"application\/ld+json\" class=\"yoast-schema-graph\">{\"@context\":\"https:\/\/schema.org\",\"@graph\":[{\"@type\":\"WebSite\",\"@id\":\"http:\/\/www.magazininfo.club\/de\/#website\",\"url\":\"http:\/\/www.magazininfo.club\/de\/\",\"name\":\"Vorhersage\",\"description\":\"\",\"potentialAction\":[{\"@type\":\"SearchAction\",\"target\":{\"@type\":\"EntryPoint\",\"urlTemplate\":\"http:\/\/www.magazininfo.club\/de\/?s={search_term_string}\"},\"query-input\":\"required name=search_term_string\"}],\"inLanguage\":\"de-DE\"},{\"@type\":\"WebPage\",\"@id\":\"https:\/\/www.magazininfo.club\/de\/karte-deutschland\/karte-iserlohn-nordrhein-westfalen\/#webpage\",\"url\":\"https:\/\/www.magazininfo.club\/de\/karte-deutschland\/karte-iserlohn-nordrhein-westfalen\/\",\"name\":\"Detaillierter Karte von Iserlohn (Nordrhein-Westfalen) mit Stra\\u00dfen\",\"isPartOf\":{\"@id\":\"http:\/\/www.magazininfo.club\/de\/#website\"},\"datePublished\":\"2021-04-09T11:10:57+00:00\",\"dateModified\":\"2021-04-09T11:10:57+00:00\",\"breadcrumb\":{\"@id\":\"https:\/\/www.magazininfo.club\/de\/karte-deutschland\/karte-iserlohn-nordrhein-westfalen\/#breadcrumb\"},\"inLanguage\":\"de-DE\",\"potentialAction\":[{\"@type\":\"ReadAction\",\"target\":[\"https:\/\/www.magazininfo.club\/de\/karte-deutschland\/karte-iserlohn-nordrhein-westfalen\/\"]}]},{\"@type\":\"BreadcrumbList\",\"@id\":\"https:\/\/www.magazininfo.club\/de\/karte-deutschland\/karte-iserlohn-nordrhein-westfalen\/#breadcrumb\",\"itemListElement\":[{\"@type\":\"ListItem\",\"position\":1,\"name\":\"Karten von Deutschland mit St\\u00e4dten\",\"item\":\"http:\/\/www.magazininfo.club\/de\/karte-deutschland\/\"},{\"@type\":\"ListItem\",\"position\":2,\"name\":\"Detaillierter Karte von Iserlohn (Nordrhein-Westfalen) mit Stra\\u00dfen\"}]}]}<\/script>\n<!-- \/ Yoast SEO plugin. -->","yoast_head_json":{"title":"Detaillierter Karte von Iserlohn (Nordrhein-Westfalen) mit Stra\u00dfen","robots":{"index":"index","follow":"follow","max-snippet":"max-snippet:-1","max-image-preview":"max-image-preview:large","max-video-preview":"max-video-preview:-1"},"canonical":"https:\/\/www.magazininfo.club\/de\/karte-deutschland\/karte-iserlohn-nordrhein-westfalen\/","og_locale":"de_DE","og_type":"article","og_title":"Detaillierter Karte von Iserlohn (Nordrhein-Westfalen) mit Stra\u00dfen","og_description":"Einen detaillierten Karte von Iserlohn (Nordrhein-Westfalen) mit seinen Stra\u00dfen und Umgebung finden Sie hier. Auf dieser interaktiven Karte der Region: Iserlohn k\u00f6nnen Sie durch Dr\u00fccken [...]","og_url":"https:\/\/www.magazininfo.club\/de\/karte-deutschland\/karte-iserlohn-nordrhein-westfalen\/","og_site_name":"Vorhersage","twitter_card":"summary","schema":{"@context":"https:\/\/schema.org","@graph":[{"@type":"WebSite","@id":"http:\/\/www.magazininfo.club\/de\/#website","url":"http:\/\/www.magazininfo.club\/de\/","name":"Vorhersage","description":"","potentialAction":[{"@type":"SearchAction","target":{"@type":"EntryPoint","urlTemplate":"http:\/\/www.magazininfo.club\/de\/?s={search_term_string}"},"query-input":"required name=search_term_string"}],"inLanguage":"de-DE"},{"@type":"WebPage","@id":"https:\/\/www.magazininfo.club\/de\/karte-deutschland\/karte-iserlohn-nordrhein-westfalen\/#webpage","url":"https:\/\/www.magazininfo.club\/de\/karte-deutschland\/karte-iserlohn-nordrhein-westfalen\/","name":"Detaillierter Karte von Iserlohn (Nordrhein-Westfalen) mit Stra\u00dfen","isPartOf":{"@id":"http:\/\/www.magazininfo.club\/de\/#website"},"datePublished":"2021-04-09T11:10:57+00:00","dateModified":"2021-04-09T11:10:57+00:00","breadcrumb":{"@id":"https:\/\/www.magazininfo.club\/de\/karte-deutschland\/karte-iserlohn-nordrhein-westfalen\/#breadcrumb"},"inLanguage":"de-DE","potentialAction":[{"@type":"ReadAction","target":["https:\/\/www.magazininfo.club\/de\/karte-deutschland\/karte-iserlohn-nordrhein-westfalen\/"]}]},{"@type":"BreadcrumbList","@id":"https:\/\/www.magazininfo.club\/de\/karte-deutschland\/karte-iserlohn-nordrhein-westfalen\/#breadcrumb","itemListElement":[{"@type":"ListItem","position":1,"name":"Karten von Deutschland mit St\u00e4dten","item":"http:\/\/www.magazininfo.club\/de\/karte-deutschland\/"},{"@type":"ListItem","position":2,"name":"Detaillierter Karte von Iserlohn (Nordrhein-Westfalen) mit Stra\u00dfen"}]}]}},"_links":{"self":[{"href":"https:\/\/www.magazininfo.club\/de\/wp-json\/wp\/v2\/pages\/535"}],"collection":[{"href":"https:\/\/www.magazininfo.club\/de\/wp-json\/wp\/v2\/pages"}],"about":[{"href":"https:\/\/www.magazininfo.club\/de\/wp-json\/wp\/v2\/types\/page"}],"author":[{"embeddable":true,"href":"https:\/\/www.magazininfo.club\/de\/wp-json\/wp\/v2\/users\/1"}],"replies":[{"embeddable":true,"href":"https:\/\/www.magazininfo.club\/de\/wp-json\/wp\/v2\/comments?post=535"}],"version-history":[{"count":0,"href":"https:\/\/www.magazininfo.club\/de\/wp-json\/wp\/v2\/pages\/535\/revisions"}],"up":[{"embeddable":true,"href":"https:\/\/www.magazininfo.club\/de\/wp-json\/wp\/v2\/pages\/441"}],"wp:attachment":[{"href":"https:\/\/www.magazininfo.club\/de\/wp-json\/wp\/v2\/media?parent=535"}],"curies":[{"name":"wp","href":"https:\/\/api.w.org\/{rel}","templated":true}]}}