{"id":855,"date":"2021-03-03T13:45:30","date_gmt":"2021-03-03T13:45:30","guid":{"rendered":"http:\/\/www.magazininfo.club\/de\/strassenkarte-hamburg\/"},"modified":"2021-03-03T13:45:30","modified_gmt":"2021-03-03T13:45:30","slug":"strassenkarte-hamburg","status":"publish","type":"page","link":"https:\/\/www.magazininfo.club\/de\/strassenkarte-deutschland\/strassenkarte-hamburg\/","title":{"rendered":"Stra\u00dfenkarte von Hamburg Region"},"content":{"rendered":"<p>Weitere wichtige Stra\u00dfen sehen Sie auf der Hamburg (Deutschland) &#8211; Stra\u00dfenkarte.<\/p>\n\n<p>Auf dieser interaktiven Karte der Region: Hamburg k\u00f6nnen Sie durch Dr\u00fccken des Plus-Minuszeichens auf der Karte hinein &#8211; und herauszoomen, oder Sie k\u00f6nnen die Karte nach oben und unten bzw. rechts und links verschieben.<\/p>\n<p>Region Hamburg auf der <a href=\"http:\/\/www.magazininfo.club\/de\/karte-deutschland\/\">Deutschlandkarte<\/a> liegt in der N\u00e4he &#8230;<\/p>\n<p>Diese Karte von Hamburg mit Umgebung kann Ihnen helfen, und Sie k\u00f6nnen auch die <a href=\"http:\/\/www.magazininfo.club\/de\/wettervorhersage-deutschland\/wettervorhersage-hamburg-hamburg\/\">Wettervorhersage f\u00fcr Hamburg<\/a>, Hamburg, 15 Tage.<\/p>\n","protected":false},"excerpt":{"rendered":"<div class=\"mh-excerpt\"><p>Weitere wichtige Stra\u00dfen sehen Sie auf der Hamburg (Deutschland) &#8211; Stra\u00dfenkarte. Auf dieser interaktiven Karte der Region: Hamburg k\u00f6nnen Sie durch Dr\u00fccken des Plus-Minuszeichens auf <a class=\"mh-excerpt-more\" href=\"https:\/\/www.magazininfo.club\/de\/strassenkarte-deutschland\/strassenkarte-hamburg\/\" title=\"Stra\u00dfenkarte von Hamburg Region\">[&#8230;]<\/a><\/p>\n<\/div>","protected":false},"author":1,"featured_media":0,"parent":445,"menu_order":0,"comment_status":"closed","ping_status":"closed","template":"","meta":{"footnotes":""},"yoast_head":"<!-- This site is optimized with the Yoast SEO plugin v16.7 - https:\/\/yoast.com\/wordpress\/plugins\/seo\/ -->\n<title>Stra\u00dfenkarte von Hamburg Region<\/title>\n<meta name=\"robots\" content=\"index, follow, max-snippet:-1, max-image-preview:large, max-video-preview:-1\" \/>\n<link rel=\"canonical\" href=\"https:\/\/www.magazininfo.club\/de\/strassenkarte-deutschland\/strassenkarte-hamburg\/\" \/>\n<meta property=\"og:locale\" content=\"de_DE\" \/>\n<meta property=\"og:type\" content=\"article\" \/>\n<meta property=\"og:title\" content=\"Stra\u00dfenkarte von Hamburg Region\" \/>\n<meta property=\"og:description\" content=\"Weitere wichtige Stra\u00dfen sehen Sie auf der Hamburg (Deutschland) &#8211; Stra\u00dfenkarte. Auf dieser interaktiven Karte der Region: Hamburg k\u00f6nnen Sie durch Dr\u00fccken des Plus-Minuszeichens auf [...]\" \/>\n<meta property=\"og:url\" content=\"https:\/\/www.magazininfo.club\/de\/strassenkarte-deutschland\/strassenkarte-hamburg\/\" \/>\n<meta property=\"og:site_name\" content=\"Vorhersage\" \/>\n<meta name=\"twitter:card\" content=\"summary\" \/>\n<script type=\"application\/ld+json\" class=\"yoast-schema-graph\">{\"@context\":\"https:\/\/schema.org\",\"@graph\":[{\"@type\":\"WebSite\",\"@id\":\"http:\/\/www.magazininfo.club\/de\/#website\",\"url\":\"http:\/\/www.magazininfo.club\/de\/\",\"name\":\"Vorhersage\",\"description\":\"\",\"potentialAction\":[{\"@type\":\"SearchAction\",\"target\":{\"@type\":\"EntryPoint\",\"urlTemplate\":\"http:\/\/www.magazininfo.club\/de\/?s={search_term_string}\"},\"query-input\":\"required name=search_term_string\"}],\"inLanguage\":\"de-DE\"},{\"@type\":\"WebPage\",\"@id\":\"https:\/\/www.magazininfo.club\/de\/strassenkarte-deutschland\/strassenkarte-hamburg\/#webpage\",\"url\":\"https:\/\/www.magazininfo.club\/de\/strassenkarte-deutschland\/strassenkarte-hamburg\/\",\"name\":\"Stra\\u00dfenkarte von Hamburg Region\",\"isPartOf\":{\"@id\":\"http:\/\/www.magazininfo.club\/de\/#website\"},\"datePublished\":\"2021-03-03T13:45:30+00:00\",\"dateModified\":\"2021-03-03T13:45:30+00:00\",\"breadcrumb\":{\"@id\":\"https:\/\/www.magazininfo.club\/de\/strassenkarte-deutschland\/strassenkarte-hamburg\/#breadcrumb\"},\"inLanguage\":\"de-DE\",\"potentialAction\":[{\"@type\":\"ReadAction\",\"target\":[\"https:\/\/www.magazininfo.club\/de\/strassenkarte-deutschland\/strassenkarte-hamburg\/\"]}]},{\"@type\":\"BreadcrumbList\",\"@id\":\"https:\/\/www.magazininfo.club\/de\/strassenkarte-deutschland\/strassenkarte-hamburg\/#breadcrumb\",\"itemListElement\":[{\"@type\":\"ListItem\",\"position\":1,\"name\":\"Stra\\u00dfenkarten von Deutschland\",\"item\":\"http:\/\/www.magazininfo.club\/de\/strassenkarte-deutschland\/\"},{\"@type\":\"ListItem\",\"position\":2,\"name\":\"Stra\\u00dfenkarte von Hamburg Region\"}]}]}<\/script>\n<!-- \/ Yoast SEO plugin. -->","yoast_head_json":{"title":"Stra\u00dfenkarte von Hamburg Region","robots":{"index":"index","follow":"follow","max-snippet":"max-snippet:-1","max-image-preview":"max-image-preview:large","max-video-preview":"max-video-preview:-1"},"canonical":"https:\/\/www.magazininfo.club\/de\/strassenkarte-deutschland\/strassenkarte-hamburg\/","og_locale":"de_DE","og_type":"article","og_title":"Stra\u00dfenkarte von Hamburg Region","og_description":"Weitere wichtige Stra\u00dfen sehen Sie auf der Hamburg (Deutschland) &#8211; Stra\u00dfenkarte. Auf dieser interaktiven Karte der Region: Hamburg k\u00f6nnen Sie durch Dr\u00fccken des Plus-Minuszeichens auf [...]","og_url":"https:\/\/www.magazininfo.club\/de\/strassenkarte-deutschland\/strassenkarte-hamburg\/","og_site_name":"Vorhersage","twitter_card":"summary","schema":{"@context":"https:\/\/schema.org","@graph":[{"@type":"WebSite","@id":"http:\/\/www.magazininfo.club\/de\/#website","url":"http:\/\/www.magazininfo.club\/de\/","name":"Vorhersage","description":"","potentialAction":[{"@type":"SearchAction","target":{"@type":"EntryPoint","urlTemplate":"http:\/\/www.magazininfo.club\/de\/?s={search_term_string}"},"query-input":"required name=search_term_string"}],"inLanguage":"de-DE"},{"@type":"WebPage","@id":"https:\/\/www.magazininfo.club\/de\/strassenkarte-deutschland\/strassenkarte-hamburg\/#webpage","url":"https:\/\/www.magazininfo.club\/de\/strassenkarte-deutschland\/strassenkarte-hamburg\/","name":"Stra\u00dfenkarte von Hamburg Region","isPartOf":{"@id":"http:\/\/www.magazininfo.club\/de\/#website"},"datePublished":"2021-03-03T13:45:30+00:00","dateModified":"2021-03-03T13:45:30+00:00","breadcrumb":{"@id":"https:\/\/www.magazininfo.club\/de\/strassenkarte-deutschland\/strassenkarte-hamburg\/#breadcrumb"},"inLanguage":"de-DE","potentialAction":[{"@type":"ReadAction","target":["https:\/\/www.magazininfo.club\/de\/strassenkarte-deutschland\/strassenkarte-hamburg\/"]}]},{"@type":"BreadcrumbList","@id":"https:\/\/www.magazininfo.club\/de\/strassenkarte-deutschland\/strassenkarte-hamburg\/#breadcrumb","itemListElement":[{"@type":"ListItem","position":1,"name":"Stra\u00dfenkarten von Deutschland","item":"http:\/\/www.magazininfo.club\/de\/strassenkarte-deutschland\/"},{"@type":"ListItem","position":2,"name":"Stra\u00dfenkarte von Hamburg Region"}]}]}},"_links":{"self":[{"href":"https:\/\/www.magazininfo.club\/de\/wp-json\/wp\/v2\/pages\/855"}],"collection":[{"href":"https:\/\/www.magazininfo.club\/de\/wp-json\/wp\/v2\/pages"}],"about":[{"href":"https:\/\/www.magazininfo.club\/de\/wp-json\/wp\/v2\/types\/page"}],"author":[{"embeddable":true,"href":"https:\/\/www.magazininfo.club\/de\/wp-json\/wp\/v2\/users\/1"}],"replies":[{"embeddable":true,"href":"https:\/\/www.magazininfo.club\/de\/wp-json\/wp\/v2\/comments?post=855"}],"version-history":[{"count":0,"href":"https:\/\/www.magazininfo.club\/de\/wp-json\/wp\/v2\/pages\/855\/revisions"}],"up":[{"embeddable":true,"href":"https:\/\/www.magazininfo.club\/de\/wp-json\/wp\/v2\/pages\/445"}],"wp:attachment":[{"href":"https:\/\/www.magazininfo.club\/de\/wp-json\/wp\/v2\/media?parent=855"}],"curies":[{"name":"wp","href":"https:\/\/api.w.org\/{rel}","templated":true}]}}