{"id":744,"date":"2021-04-07T08:14:22","date_gmt":"2021-04-07T08:14:22","guid":{"rendered":"http:\/\/www.magazininfo.club\/se\/karta-sverige\/karta-sodertalje\/"},"modified":"2021-04-07T08:14:22","modified_gmt":"2021-04-07T08:14:22","slug":"karta-sodertalje","status":"publish","type":"page","link":"https:\/\/www.magazininfo.club\/se\/karta-sverige\/karta-sodertalje\/","title":{"rendered":"Detaljerad S\u00f6dert\u00e4lje stadskarta med gator"},"content":{"rendered":"<p>En detaljerad karta \u00f6ver S\u00f6dert\u00e4lje stad med gator presenteras h\u00e4r.<\/p>\n\n<p>P\u00e5 denna interaktiva regionkarta: S\u00f6dert\u00e4lje kan du zooma in och zooma ut kartbilden genom att trycka p\u00e5 plus\/minus tecken (+ &#8211; p\u00e5 kartan) eller flytta den visade kartan upp\u00e5t och ned\u00e5t eller \u00e5t v\u00e4nster och h\u00f6ger.<\/p>\n<p>S\u00f6dert\u00e4lje ligger p\u00e5 kartan \u00f6ver <a href=\"http:\/\/www.magazininfo.club\/se\/karta-sverige\/\">Sverige<\/a> i regionen &#8230;<\/p>\n<p>Denna gatukarta \u00f6ver S\u00f6dert\u00e4lje stad, med stadsdelar och med omgivningen kan hj\u00e4lpa dig, och du kan ocks\u00e5 titta p\u00e5 v\u00e4derprognosen f\u00f6r <a href=\"http:\/\/www.magazininfo.club\/se\/vaderprognos-sverige\/vaderprognos-sodertalje\/\">S\u00f6dert\u00e4lje<\/a>, 15 dagar.<\/p>\n","protected":false},"excerpt":{"rendered":"<div class=\"mh-excerpt\"><p>En detaljerad karta \u00f6ver S\u00f6dert\u00e4lje stad med gator presenteras h\u00e4r. P\u00e5 denna interaktiva regionkarta: S\u00f6dert\u00e4lje kan du zooma in och zooma ut kartbilden genom att <a class=\"mh-excerpt-more\" href=\"https:\/\/www.magazininfo.club\/se\/karta-sverige\/karta-sodertalje\/\" title=\"Detaljerad S\u00f6dert\u00e4lje stadskarta med gator\">[&#8230;]<\/a><\/p>\n<\/div>","protected":false},"author":1,"featured_media":0,"parent":11,"menu_order":0,"comment_status":"closed","ping_status":"closed","template":"","meta":{"footnotes":""},"yoast_head":"<!-- This site is optimized with the Yoast SEO plugin v21.7 - https:\/\/yoast.com\/wordpress\/plugins\/seo\/ -->\n<title>Detaljerad S\u00f6dert\u00e4lje stadskarta med gator<\/title>\n<meta name=\"robots\" content=\"index, follow, max-snippet:-1, max-image-preview:large, max-video-preview:-1\" \/>\n<link rel=\"canonical\" href=\"https:\/\/www.magazininfo.club\/se\/karta-sverige\/karta-sodertalje\/\" \/>\n<meta property=\"og:locale\" content=\"sv_SE\" \/>\n<meta property=\"og:type\" content=\"article\" \/>\n<meta property=\"og:title\" content=\"Detaljerad S\u00f6dert\u00e4lje stadskarta med gator\" \/>\n<meta property=\"og:description\" content=\"En detaljerad karta \u00f6ver S\u00f6dert\u00e4lje stad med gator presenteras h\u00e4r. P\u00e5 denna interaktiva regionkarta: S\u00f6dert\u00e4lje kan du zooma in och zooma ut kartbilden genom att [...]\" \/>\n<meta property=\"og:url\" content=\"https:\/\/www.magazininfo.club\/se\/karta-sverige\/karta-sodertalje\/\" \/>\n<meta name=\"twitter:card\" content=\"summary_large_image\" \/>\n<script type=\"application\/ld+json\" class=\"yoast-schema-graph\">{\"@context\":\"https:\/\/schema.org\",\"@graph\":[{\"@type\":\"WebPage\",\"@id\":\"https:\/\/www.magazininfo.club\/se\/karta-sverige\/karta-sodertalje\/\",\"url\":\"https:\/\/www.magazininfo.club\/se\/karta-sverige\/karta-sodertalje\/\",\"name\":\"Detaljerad S\u00f6dert\u00e4lje stadskarta med gator\",\"isPartOf\":{\"@id\":\"https:\/\/www.magazininfo.club\/se\/#website\"},\"datePublished\":\"2021-04-07T08:14:22+00:00\",\"dateModified\":\"2021-04-07T08:14:22+00:00\",\"breadcrumb\":{\"@id\":\"https:\/\/www.magazininfo.club\/se\/karta-sverige\/karta-sodertalje\/#breadcrumb\"},\"inLanguage\":\"sv-SE\",\"potentialAction\":[{\"@type\":\"ReadAction\",\"target\":[\"https:\/\/www.magazininfo.club\/se\/karta-sverige\/karta-sodertalje\/\"]}]},{\"@type\":\"BreadcrumbList\",\"@id\":\"https:\/\/www.magazininfo.club\/se\/karta-sverige\/karta-sodertalje\/#breadcrumb\",\"itemListElement\":[{\"@type\":\"ListItem\",\"position\":1,\"name\":\"Home\",\"item\":\"https:\/\/www.magazininfo.club\/se\/\"},{\"@type\":\"ListItem\",\"position\":2,\"name\":\"Kartor \u00f6ver Sverige med st\u00e4der\",\"item\":\"https:\/\/www.magazininfo.club\/se\/karta-sverige\/\"},{\"@type\":\"ListItem\",\"position\":3,\"name\":\"Detaljerad S\u00f6dert\u00e4lje stadskarta med gator\"}]},{\"@type\":\"WebSite\",\"@id\":\"https:\/\/www.magazininfo.club\/se\/#website\",\"url\":\"https:\/\/www.magazininfo.club\/se\/\",\"name\":\"\",\"description\":\"\",\"potentialAction\":[{\"@type\":\"SearchAction\",\"target\":{\"@type\":\"EntryPoint\",\"urlTemplate\":\"https:\/\/www.magazininfo.club\/se\/?s={search_term_string}\"},\"query-input\":\"required name=search_term_string\"}],\"inLanguage\":\"sv-SE\"}]}<\/script>\n<!-- \/ Yoast SEO plugin. -->","yoast_head_json":{"title":"Detaljerad S\u00f6dert\u00e4lje stadskarta med gator","robots":{"index":"index","follow":"follow","max-snippet":"max-snippet:-1","max-image-preview":"max-image-preview:large","max-video-preview":"max-video-preview:-1"},"canonical":"https:\/\/www.magazininfo.club\/se\/karta-sverige\/karta-sodertalje\/","og_locale":"sv_SE","og_type":"article","og_title":"Detaljerad S\u00f6dert\u00e4lje stadskarta med gator","og_description":"En detaljerad karta \u00f6ver S\u00f6dert\u00e4lje stad med gator presenteras h\u00e4r. P\u00e5 denna interaktiva regionkarta: S\u00f6dert\u00e4lje kan du zooma in och zooma ut kartbilden genom att [...]","og_url":"https:\/\/www.magazininfo.club\/se\/karta-sverige\/karta-sodertalje\/","twitter_card":"summary_large_image","schema":{"@context":"https:\/\/schema.org","@graph":[{"@type":"WebPage","@id":"https:\/\/www.magazininfo.club\/se\/karta-sverige\/karta-sodertalje\/","url":"https:\/\/www.magazininfo.club\/se\/karta-sverige\/karta-sodertalje\/","name":"Detaljerad S\u00f6dert\u00e4lje stadskarta med gator","isPartOf":{"@id":"https:\/\/www.magazininfo.club\/se\/#website"},"datePublished":"2021-04-07T08:14:22+00:00","dateModified":"2021-04-07T08:14:22+00:00","breadcrumb":{"@id":"https:\/\/www.magazininfo.club\/se\/karta-sverige\/karta-sodertalje\/#breadcrumb"},"inLanguage":"sv-SE","potentialAction":[{"@type":"ReadAction","target":["https:\/\/www.magazininfo.club\/se\/karta-sverige\/karta-sodertalje\/"]}]},{"@type":"BreadcrumbList","@id":"https:\/\/www.magazininfo.club\/se\/karta-sverige\/karta-sodertalje\/#breadcrumb","itemListElement":[{"@type":"ListItem","position":1,"name":"Home","item":"https:\/\/www.magazininfo.club\/se\/"},{"@type":"ListItem","position":2,"name":"Kartor \u00f6ver Sverige med st\u00e4der","item":"https:\/\/www.magazininfo.club\/se\/karta-sverige\/"},{"@type":"ListItem","position":3,"name":"Detaljerad S\u00f6dert\u00e4lje stadskarta med gator"}]},{"@type":"WebSite","@id":"https:\/\/www.magazininfo.club\/se\/#website","url":"https:\/\/www.magazininfo.club\/se\/","name":"","description":"","potentialAction":[{"@type":"SearchAction","target":{"@type":"EntryPoint","urlTemplate":"https:\/\/www.magazininfo.club\/se\/?s={search_term_string}"},"query-input":"required name=search_term_string"}],"inLanguage":"sv-SE"}]}},"_links":{"self":[{"href":"https:\/\/www.magazininfo.club\/se\/wp-json\/wp\/v2\/pages\/744"}],"collection":[{"href":"https:\/\/www.magazininfo.club\/se\/wp-json\/wp\/v2\/pages"}],"about":[{"href":"https:\/\/www.magazininfo.club\/se\/wp-json\/wp\/v2\/types\/page"}],"author":[{"embeddable":true,"href":"https:\/\/www.magazininfo.club\/se\/wp-json\/wp\/v2\/users\/1"}],"replies":[{"embeddable":true,"href":"https:\/\/www.magazininfo.club\/se\/wp-json\/wp\/v2\/comments?post=744"}],"version-history":[{"count":0,"href":"https:\/\/www.magazininfo.club\/se\/wp-json\/wp\/v2\/pages\/744\/revisions"}],"up":[{"embeddable":true,"href":"https:\/\/www.magazininfo.club\/se\/wp-json\/wp\/v2\/pages\/11"}],"wp:attachment":[{"href":"https:\/\/www.magazininfo.club\/se\/wp-json\/wp\/v2\/media?parent=744"}],"curies":[{"name":"wp","href":"https:\/\/api.w.org\/{rel}","templated":true}]}}